{"id":22,"date":"2022-11-18T11:46:13","date_gmt":"2022-11-18T16:46:13","guid":{"rendered":"https:\/\/the7.io\/business-one-page\/?page_id=2"},"modified":"2022-11-18T18:17:02","modified_gmt":"2022-11-18T23:17:02","slug":"home","status":"publish","type":"page","link":"https:\/\/telepodromo.net\/deportes\/","title":{"rendered":"Home"},"content":{"rendered":"<p>[vc_row full_width=&#8221;stretch_row&#8221; bg_type=&#8221;image&#8221; parallax_style=&#8221;vcpb-vz-jquery&#8221; bg_image_new=&#8221;id^280|url^https:\/\/telepodromo.net\/deportes\/wp-content\/uploads\/2022\/11\/Slider-Final-08.jpg|caption^null|alt^null|title^Slider Final 08|description^null&#8221; bg_image_repeat=&#8221;no-repeat&#8221; bg_override=&#8221;ex-full&#8221; enable_overlay=&#8221;enable_overlay_value&#8221; overlay_pattern=&#8221;transperant&#8221; seperator_enable=&#8221;seperator_enable_value&#8221; seperator_position=&#8221;bottom_seperator&#8221; type=&#8221;vc_default&#8221; el_id=&#8221;up&#8221; css=&#8221;.vc_custom_1668788549626{margin-top: -50px !important;}&#8221;][vc_column css=&#8221;.vc_custom_1481818684109{padding-top: 14% !important;padding-bottom: 130px !important;}&#8221;]\n\t\t\t<!-- START Backup REVOLUTION SLIDER 6.5.19 --><p class=\"rs-p-wp-fix\"><\/p>\n\t\t\t<rs-module-wrap id=\"rev_slider_2_1_wrapper\" data-source=\"gallery\" style=\"visibility:hidden;background:#;padding:0;margin:0px auto;margin-top:0;margin-bottom:0;\">\n\t\t\t\t<rs-module id=\"rev_slider_2_1\" style=\"\" data-version=\"6.5.19\">\n\t\t\t\t\t<rs-slides>\n\t\t\t\t\t\t<rs-slide style=\"position: absolute;\" data-key=\"rs-2\" data-title=\"Slide\" data-duration=\"9700\" data-anim=\"ms:600;\" data-in=\"o:0;\" data-out=\"a:false;\">\n\t\t\t\t\t\t\t<img src=\"\/\/telepodromo.net\/deportes\/wp-content\/plugins\/revslider\/public\/assets\/assets\/dummy.png\" alt=\"Slide\" title=\"Home\" class=\"rev-slidebg tp-rs-img rs-lazyload\" data-lazyload=\"\/\/telepodromo.net\/deportes\/wp-content\/plugins\/revslider\/public\/assets\/assets\/transparent.png\" data-no-retina>\n<!--\n\t\t\t\t\t\t\t--><rs-layer\n\t\t\t\t\t\t\t\tid=\"slider-2-slide-2-layer-0\" \n\t\t\t\t\t\t\t\tdata-type=\"shape\"\n\t\t\t\t\t\t\t\tdata-rsp_ch=\"on\"\n\t\t\t\t\t\t\t\tdata-xy=\"x:c;xo:-1px,5px,2px,1px;yo:275px,270px,304px,510px;\"\n\t\t\t\t\t\t\t\tdata-text=\"w:normal;s:20,15,9,11;l:0,19,11,14;\"\n\t\t\t\t\t\t\t\tdata-dim=\"w:966px,603px,490px,769px;h:180px,140px,118px,151px;\"\n\t\t\t\t\t\t\t\tdata-border=\"bor:15px,15px,15px,15px;\"\n\t\t\t\t\t\t\t\tdata-frame_999=\"o:0;st:w;\"\n\t\t\t\t\t\t\t\tstyle=\"z-index:8;background-color:rgba(255,185,1,0.7);\"\n\t\t\t\t\t\t\t> \n\t\t\t\t\t\t\t<\/rs-layer><!--\n\n\t\t\t\t\t\t\t--><rs-layer\n\t\t\t\t\t\t\t\tid=\"slider-2-slide-2-layer-4\" \n\t\t\t\t\t\t\t\tdata-type=\"text\"\n\t\t\t\t\t\t\t\tdata-color=\"#000000||rgba(255,255,255,1)||rgba(255,255,255,1)||#000000\"\n\t\t\t\t\t\t\t\tdata-rsp_ch=\"on\"\n\t\t\t\t\t\t\t\tdata-xy=\"x:c,l,c,c;xo:0,225px,3px,8px;y:m;yo:-27px,59px,69px,127px;\"\n\t\t\t\t\t\t\t\tdata-text=\"s:50,50,40,50;l:60,60,50,60;fw:700;\"\n\t\t\t\t\t\t\t\tdata-frame_0=\"x:175%;o:1;\"\n\t\t\t\t\t\t\t\tdata-frame_0_mask=\"u:t;x:-100%;\"\n\t\t\t\t\t\t\t\tdata-frame_1=\"e:power3.out;st:900;sp:1700;\"\n\t\t\t\t\t\t\t\tdata-frame_1_mask=\"u:t;\"\n\t\t\t\t\t\t\t\tdata-frame_999=\"o:0;e:nothing;st:w;sp:670;\"\n\t\t\t\t\t\t\t\tstyle=\"z-index:9;font-family:'Oswald';\"\n\t\t\t\t\t\t\t>Vive la emoci\u00f3n del Mundial \n\t\t\t\t\t\t\t<\/rs-layer><!--\n\n\t\t\t\t\t\t\t--><a\n\t\t\t\t\t\t\t\tid=\"slider-2-slide-2-layer-6\" \n\t\t\t\t\t\t\t\tclass=\"rs-layer rev-btn\"\n\t\t\t\t\t\t\t\thref=\"https:\/\/doradobet.com\/registro?btag=b6fddd100439ded683952c8ce9df3f57bQt6a+DY1vSfTpADWcmX4g==&utm_source=Afiliados&utm_medium=Link&utm_campaign=Jockey\" target=\"_self\"\n\t\t\t\t\t\t\t\tdata-type=\"button\"\n\t\t\t\t\t\t\t\tdata-color=\"#000000\"\n\t\t\t\t\t\t\t\tdata-rsp_ch=\"on\"\n\t\t\t\t\t\t\t\tdata-xy=\"xo:518px,404px,189px,263px;yo:490px,382px,485px,776px;\"\n\t\t\t\t\t\t\t\tdata-text=\"w:normal;s:30,23,23,29;l:65,50,54,69;fw:700;\"\n\t\t\t\t\t\t\t\tdata-dim=\"minh:0,none,none,none;\"\n\t\t\t\t\t\t\t\tdata-padding=\"r:41,32,34,44;l:41,32,34,44;\"\n\t\t\t\t\t\t\t\tdata-border=\"bor:16px,16px,16px,16px;\"\n\t\t\t\t\t\t\t\tdata-frame_999=\"o:0;st:w;\"\n\t\t\t\t\t\t\t\tdata-frame_hover=\"c:#fff;bgc:#000;bor:16px,16px,16px,16px;\"\n\t\t\t\t\t\t\t\tstyle=\"z-index:13;background-color:rgba(255,255,255,1);font-family:'Roboto';\"\n\t\t\t\t\t\t\t>INSCRIPCI\u00d3N \n\t\t\t\t\t\t\t<\/a><!--\n\n\t\t\t\t\t\t\t--><rs-layer\n\t\t\t\t\t\t\t\tid=\"slider-2-slide-2-layer-8\" \n\t\t\t\t\t\t\t\tdata-type=\"text\"\n\t\t\t\t\t\t\t\tdata-color=\"#ffffff||rgba(255,255,255,1)||rgba(255,255,255,1)||#ffffff\"\n\t\t\t\t\t\t\t\tdata-rsp_ch=\"on\"\n\t\t\t\t\t\t\t\tdata-xy=\"x:c,l,c,c;xo:0,281px,4px,1px;y:m;yo:54px,135px,120px,200px;\"\n\t\t\t\t\t\t\t\tdata-text=\"s:30,30,30,35;l:40,40,40,45;fw:700,300,300,700;a:left,left,center,center;\"\n\t\t\t\t\t\t\t\tdata-frame_0=\"x:175%;o:1;\"\n\t\t\t\t\t\t\t\tdata-frame_0_mask=\"u:t;x:-100%;\"\n\t\t\t\t\t\t\t\tdata-frame_1=\"e:power3.out;st:1400;sp:1950;\"\n\t\t\t\t\t\t\t\tdata-frame_1_mask=\"u:t;\"\n\t\t\t\t\t\t\t\tdata-frame_999=\"o:0;e:nothing;st:w;sp:670;\"\n\t\t\t\t\t\t\t\tstyle=\"z-index:10;font-family:'Oswald';\"\n\t\t\t\t\t\t\t>Con el Hipodromo de Monterrico y DoradoBet \n\t\t\t\t\t\t\t<\/rs-layer><!--\n\n\t\t\t\t\t\t\t--><rs-layer\n\t\t\t\t\t\t\t\tid=\"slider-2-slide-2-layer-10\" \n\t\t\t\t\t\t\t\tdata-type=\"image\"\n\t\t\t\t\t\t\t\tdata-rsp_ch=\"on\"\n\t\t\t\t\t\t\t\tdata-xy=\"xo:964px,753px,451px,576px;yo:284px,221px,132px,663px;\"\n\t\t\t\t\t\t\t\tdata-text=\"w:normal;s:20,15,9,11;l:0,19,11,14;\"\n\t\t\t\t\t\t\t\tdata-dim=\"w:143px,111px,66px,133px;h:159px,124px,74px,148px;\"\n\t\t\t\t\t\t\t\tdata-frame_999=\"o:0;st:w;\"\n\t\t\t\t\t\t\t\tstyle=\"z-index:14;\"\n\t\t\t\t\t\t\t><img src=\"\/\/telepodromo.net\/deportes\/wp-content\/plugins\/revslider\/public\/assets\/assets\/dummy.png\" alt=\"\" class=\"tp-rs-img rs-lazyload\" width=\"180\" height=\"200\" data-lazyload=\"\/\/telepodromo.net\/deportes\/wp-content\/uploads\/2022\/11\/dorado-1.png\" data-no-retina> \n\t\t\t\t\t\t\t<\/rs-layer><!--\n\n\t\t\t\t\t\t\t--><rs-layer\n\t\t\t\t\t\t\t\tid=\"slider-2-slide-2-layer-11\" \n\t\t\t\t\t\t\t\tdata-type=\"image\"\n\t\t\t\t\t\t\t\tdata-rsp_ch=\"on\"\n\t\t\t\t\t\t\t\tdata-xy=\"xo:141px,110px,66px,23px;yo:289px,225px,135px,661px;\"\n\t\t\t\t\t\t\t\tdata-text=\"w:normal;s:20,15,9,11;l:0,19,11,14;\"\n\t\t\t\t\t\t\t\tdata-dim=\"w:211px,164px,98px,215px;h:156px,121px,72px,159px;\"\n\t\t\t\t\t\t\t\tdata-frame_999=\"o:0;st:w;\"\n\t\t\t\t\t\t\t\tstyle=\"z-index:15;\"\n\t\t\t\t\t\t\t><img src=\"\/\/telepodromo.net\/deportes\/wp-content\/plugins\/revslider\/public\/assets\/assets\/dummy.png\" alt=\"\" class=\"tp-rs-img rs-lazyload\" width=\"299\" height=\"221\" data-lazyload=\"\/\/telepodromo.net\/deportes\/wp-content\/uploads\/2022\/11\/JCP_BLANCO.png\" data-no-retina> \n\t\t\t\t\t\t\t<\/rs-layer><!--\n-->\t\t\t\t\t\t<\/rs-slide>\n\t\t\t\t\t<\/rs-slides>\n\t\t\t\t<\/rs-module>\n\t\t\t\t<script>\n\t\t\t\t\tsetREVStartSize({c: 'rev_slider_2_1',rl:[1240,1024,778,480],el:[700,500,550,850],gw:[1280,1000,600,768],gh:[700,500,550,850],type:'hero',justify:'',layout:'fullwidth',mh:\"0\"});if (window.RS_MODULES!==undefined && window.RS_MODULES.modules!==undefined && window.RS_MODULES.modules[\"revslider21\"]!==undefined) {window.RS_MODULES.modules[\"revslider21\"].once = false;window.revapi2 = undefined;if (window.RS_MODULES.checkMinimal!==undefined) window.RS_MODULES.checkMinimal()}\n\t\t\t\t<\/script>\n\t\t\t<\/rs-module-wrap>\n\t\t\t<!-- END REVOLUTION SLIDER -->\n[\/vc_column][\/vc_row][vc_row gap=&#8221;35&#8243;][vc_column css_animation=&#8221;fadeInLeft&#8221; width=&#8221;1\/3&#8243; css=&#8221;.vc_custom_1668734407554{border-top-width: 3px !important;border-right-width: 3px !important;border-bottom-width: 3px !important;border-left-width: 3px !important;background-color: #f5f5f5 !important;border-left-color: #a3a3a3 !important;border-left-style: dashed !important;border-right-color: #a3a3a3 !important;border-right-style: dashed !important;border-top-color: #a3a3a3 !important;border-top-style: dashed !important;border-bottom-color: #a3a3a3 !important;border-bottom-style: dashed !important;border-radius: 10px !important;}&#8221;]<div class=\"aio-icon-component    style_2\"><div id=\"Info-box-wrap-6385\" class=\"aio-icon-box top-icon\" style=\"\"  ><div class=\"aio-icon-top\"><div class=\"ult-just-icon-wrapper  \"><div class=\"align-icon\" style=\"text-align:center;\">\n<div class=\"aio-icon-img  uavc-circle \" style=\"font-size:60px;background:#f5f5f5;display:inline-block;\" data-animation=\"fadeInLeft\" data-animation-delay=\"03\">\n\t<img class=\"img-icon\" alt=\"null\" src=\"https:\/\/telepodromo.net\/deportes\/wp-content\/uploads\/2022\/11\/pelota.png\"\/>\n<\/div><\/div><\/div><\/div><div class=\"aio-icon-header\" ><h3 class=\"aio-icon-title ult-responsive\"  data-ultimate-target='#Info-box-wrap-6385 .aio-icon-title'  data-responsive-json-new='{\"font-size\":\"desktop:18px;\",\"line-height\":\"desktop:25px;\"}'  style=\"font-family:&#039;Oswald&#039;;font-weight:600;\">DoradoBet<\/h3><\/div> <!-- header --><div class=\"aio-icon-description ult-responsive\"  data-ultimate-target='#Info-box-wrap-6385 .aio-icon-description'  data-responsive-json-new='{\"font-size\":\"desktop:16px;\",\"line-height\":\"desktop:25px;\"}'  style=\"font-family:&#039;Oswald&#039;;font-weight:300;\">Una de las mejores casas de apuestas deportivas del Per\u00fa. Cuentan con m\u00e1s de 50 puntos de venta y agentes en todo el pa\u00eds,<\/p>\n<p>Ofrece m\u00e1s de 50 deportes, m\u00e1s de 1.000 mercados de apuestas y m\u00e1s de 200 juegos de casino online.<\/div> <!-- description --><\/div> <!-- aio-icon-box --><\/div> <!-- aio-icon-component -->[\/vc_column][vc_column css_animation=&#8221;fadeInUp&#8221; width=&#8221;1\/3&#8243; css=&#8221;.vc_custom_1668734444869{border-top-width: 3px !important;border-right-width: 3px !important;border-bottom-width: 3px !important;border-left-width: 3px !important;background-color: #f5f5f5 !important;border-left-color: #a3a3a3 !important;border-left-style: dashed !important;border-right-color: #a3a3a3 !important;border-right-style: dashed !important;border-top-color: #a3a3a3 !important;border-top-style: dashed !important;border-bottom-color: #a3a3a3 !important;border-bottom-style: dashed !important;border-radius: 10px !important;}&#8221;]<div class=\"aio-icon-component    style_2\"><div id=\"Info-box-wrap-9185\" class=\"aio-icon-box top-icon\" style=\"\"  ><div class=\"aio-icon-top\"><div class=\"ult-just-icon-wrapper  \"><div class=\"align-icon\" style=\"text-align:center;\">\n<div class=\"aio-icon-img  uavc-circle \" style=\"font-size:60px;background:#f5f5f5;display:inline-block;\" >\n\t<img class=\"img-icon\" alt=\"null\" src=\"https:\/\/telepodromo.net\/deportes\/wp-content\/uploads\/2022\/11\/Caballo.png\"\/>\n<\/div><\/div><\/div><\/div><div class=\"aio-icon-header\" ><h3 class=\"aio-icon-title ult-responsive\"  data-ultimate-target='#Info-box-wrap-9185 .aio-icon-title'  data-responsive-json-new='{\"font-size\":\"desktop:18px;\",\"line-height\":\"desktop:25px;\"}'  style=\"font-family:&#039;Oswald&#039;;font-weight:600;\">Telepodromo.Net<\/h3><\/div> <!-- header --><div class=\"aio-icon-description ult-responsive\"  data-ultimate-target='#Info-box-wrap-9185 .aio-icon-description'  data-responsive-json-new='{\"font-size\":\"desktop:16px;\",\"line-height\":\"desktop:25px;\"}'  style=\"font-family:&#039;Oswald&#039;;font-weight:300;\">Somos la \u00fanica plataforma peruana de apuestas h\u00edpicas online, Sin l\u00edmite de apuestas, Sin l\u00edmite de pago de premios. Carreras nacionales e internacionales.<\/div> <!-- description --><\/div> <!-- aio-icon-box --><\/div> <!-- aio-icon-component -->[\/vc_column][vc_column css_animation=&#8221;fadeInRight&#8221; width=&#8221;1\/3&#8243; css=&#8221;.vc_custom_1668734429918{border-top-width: 3px !important;border-right-width: 3px !important;border-bottom-width: 3px !important;border-left-width: 3px !important;background-color: #f5f5f5 !important;border-left-color: #a3a3a3 !important;border-left-style: dashed !important;border-right-color: #a3a3a3 !important;border-right-style: dashed !important;border-top-color: #a3a3a3 !important;border-top-style: dashed !important;border-bottom-color: #a3a3a3 !important;border-bottom-style: dashed !important;border-radius: 10px !important;}&#8221;]<div class=\"aio-icon-component    style_2\"><div id=\"Info-box-wrap-3132\" class=\"aio-icon-box top-icon\" style=\"\"  ><div class=\"aio-icon-top\"><div class=\"ult-just-icon-wrapper  \"><div class=\"align-icon\" style=\"text-align:center;\">\n<div class=\"aio-icon-img  uavc-circle \" style=\"font-size:60px;background:#f5f5f5;display:inline-block;\" >\n\t<img class=\"img-icon\" alt=\"null\" src=\"https:\/\/telepodromo.net\/deportes\/wp-content\/uploads\/2022\/11\/sol.png\"\/>\n<\/div><\/div><\/div><\/div><div class=\"aio-icon-header\" ><h3 class=\"aio-icon-title ult-responsive\"  data-ultimate-target='#Info-box-wrap-3132 .aio-icon-title'  data-responsive-json-new='{\"font-size\":\"desktop:18px;\",\"line-height\":\"desktop:25px;\"}'  style=\"font-family:&#039;Oswald&#039;;font-weight:600;\">Registro<\/h3><\/div> <!-- header --><div class=\"aio-icon-description ult-responsive\"  data-ultimate-target='#Info-box-wrap-3132 .aio-icon-description'  data-responsive-json-new='{\"font-size\":\"desktop:16px;\",\"line-height\":\"desktop:25px;\"}'  style=\"font-family:&#039;Oswald&#039;;font-weight:300;\">Reg\u00edstrate a trav\u00e9s nuestro y tendr\u00e1s dos bonos de S\/ 10, uno en tu cuenta Dorado y la otra en tu cuenta h\u00edpica.<\/p>\n<p>Adicionalmente participar\u00e1s en promociones exclusivas manteni\u00e9ndote activo en ambas cuentas.<\/div> <!-- description --><\/div> <!-- aio-icon-box --><\/div> <!-- aio-icon-component -->[\/vc_column][\/vc_row][vc_row][vc_column][vc_empty_space height=&#8221;50px&#8221;][\/vc_column][\/vc_row]<\/p>\n","protected":false},"excerpt":{"rendered":"<p>[vc_row full_width=&#8221;stretch_row&#8221; bg_type=&#8221;image&#8221; parallax_style=&#8221;vcpb-vz-jquery&#8221; bg_image_new=&#8221;id^280|url^https:\/\/telepodromo.net\/deportes\/wp-content\/uploads\/2022\/11\/Slider-Final-08.jpg|caption^null|alt^null|title^Slider Final 08|description^null&#8221; bg_image_repeat=&#8221;no-repeat&#8221; bg_override=&#8221;ex-full&#8221; enable_overlay=&#8221;enable_overlay_value&#8221; overlay_pattern=&#8221;transperant&#8221; seperator_enable=&#8221;seperator_enable_value&#8221; seperator_position=&#8221;bottom_seperator&#8221; type=&#8221;vc_default&#8221; el_id=&#8221;up&#8221; css=&#8221;.vc_custom_1668788549626{margin-top: -50px !important;}&#8221;][vc_column css=&#8221;.vc_custom_1481818684109{padding-top: 14% !important;padding-bottom: 130px !important;}&#8221;][\/vc_column][\/vc_row][vc_row gap=&#8221;35&#8243;][vc_column css_animation=&#8221;fadeInLeft&#8221; width=&#8221;1\/3&#8243; css=&#8221;.vc_custom_1668734407554{border-top-width: 3px !important;border-right-width: 3px !important;border-bottom-width: 3px !important;border-left-width: 3px !important;background-color: #f5f5f5 !important;border-left-color: #a3a3a3 !important;border-left-style: dashed !important;border-right-color: #a3a3a3 !important;border-right-style: dashed !important;border-top-color: #a3a3a3 !important;border-top-style: dashed !important;border-bottom-color: #a3a3a3 !important;border-bottom-style: dashed !important;border-radius: 10px !important;}&#8221;][\/vc_column][vc_column&hellip;<\/p>\n","protected":false},"author":1,"featured_media":0,"parent":0,"menu_order":0,"comment_status":"closed","ping_status":"open","template":"template-microsite.php","meta":[],"_links":{"self":[{"href":"https:\/\/telepodromo.net\/deportes\/index.php?rest_route=\/wp\/v2\/pages\/22"}],"collection":[{"href":"https:\/\/telepodromo.net\/deportes\/index.php?rest_route=\/wp\/v2\/pages"}],"about":[{"href":"https:\/\/telepodromo.net\/deportes\/index.php?rest_route=\/wp\/v2\/types\/page"}],"author":[{"embeddable":true,"href":"https:\/\/telepodromo.net\/deportes\/index.php?rest_route=\/wp\/v2\/users\/1"}],"replies":[{"embeddable":true,"href":"https:\/\/telepodromo.net\/deportes\/index.php?rest_route=%2Fwp%2Fv2%2Fcomments&post=22"}],"version-history":[{"count":53,"href":"https:\/\/telepodromo.net\/deportes\/index.php?rest_route=\/wp\/v2\/pages\/22\/revisions"}],"predecessor-version":[{"id":307,"href":"https:\/\/telepodromo.net\/deportes\/index.php?rest_route=\/wp\/v2\/pages\/22\/revisions\/307"}],"wp:attachment":[{"href":"https:\/\/telepodromo.net\/deportes\/index.php?rest_route=%2Fwp%2Fv2%2Fmedia&parent=22"}],"curies":[{"name":"wp","href":"https:\/\/api.w.org\/{rel}","templated":true}]}}